{"id":7442,"date":"2024-09-27T11:25:06","date_gmt":"2024-09-27T11:25:06","guid":{"rendered":"https:\/\/digitalconnection.connectionthemes.com\/web\/"},"modified":"2024-10-09T16:19:54","modified_gmt":"2024-10-09T16:19:54","slug":"web","status":"publish","type":"page","link":"https:\/\/ftp.digitalconnection.ae\/pt-pt\/web\/","title":{"rendered":"Web"},"content":{"rendered":"<p><span style=\"font-weight: 400;\">A web est\u00e1 em constante evolu\u00e7\u00e3o, e estamos na vanguarda das \u00faltimas tend\u00eancias. A nossa equipa internacional de programadores web \u00e9 proficiente numa variedade de linguagens de programa\u00e7\u00e3o e tecnologias, atendendo a clientes em quatro continentes.<\/span><\/p>\n","protected":false},"excerpt":{"rendered":"<p>A web est\u00e1 em constante evolu\u00e7\u00e3o, e estamos na vanguarda das \u00faltimas tend\u00eancias. A nossa equipa internacional de programadores web \u00e9 proficiente numa variedade de linguagens de programa\u00e7\u00e3o e tecnologias, atendendo a clientes em quatro continentes.<\/p>\n","protected":false},"author":1,"featured_media":0,"parent":0,"menu_order":0,"comment_status":"closed","ping_status":"closed","template":"web.php","meta":{"footnotes":""},"class_list":["post-7442","page","type-page","status-publish","hentry"],"acf":[],"yoast_head":"<!-- This site is optimized with the Yoast SEO plugin v23.6 - https:\/\/yoast.com\/wordpress\/plugins\/seo\/ -->\n<title>Web - Digital Connection<\/title>\n<meta name=\"description\" content=\"A web est\u00e1 a mudar e n\u00f3s transformamo-nos com ela, temos uma equipa internacional especializada no desenvolvimento web que programa...\" \/>\n<meta name=\"robots\" content=\"index, follow, max-snippet:-1, max-image-preview:large, max-video-preview:-1\" \/>\n<link rel=\"canonical\" href=\"https:\/\/biz.connectionthemes.com\/pt-pt\/web\/\" \/>\n<meta property=\"og:locale\" content=\"pt_PT\" \/>\n<meta property=\"og:type\" content=\"article\" \/>\n<meta property=\"og:title\" content=\"Web - Digital Connection\" \/>\n<meta property=\"og:description\" content=\"A web est\u00e1 a mudar e n\u00f3s transformamo-nos com ela, temos uma equipa internacional especializada no desenvolvimento web que programa...\" \/>\n<meta property=\"og:url\" content=\"https:\/\/biz.connectionthemes.com\/pt-pt\/web\/\" \/>\n<meta property=\"og:site_name\" content=\"Digital Connection\" \/>\n<meta property=\"article:modified_time\" content=\"2024-10-09T16:19:54+00:00\" \/>\n<meta name=\"twitter:card\" content=\"summary_large_image\" \/>\n<meta name=\"twitter:label1\" content=\"Tempo estimado de leitura\" \/>\n\t<meta name=\"twitter:data1\" content=\"1 minuto\" \/>\n<script type=\"application\/ld+json\" class=\"yoast-schema-graph\">{\"@context\":\"https:\/\/schema.org\",\"@graph\":[{\"@type\":\"WebPage\",\"@id\":\"https:\/\/biz.connectionthemes.com\/pt-pt\/web\/\",\"url\":\"https:\/\/biz.connectionthemes.com\/pt-pt\/web\/\",\"name\":\"Web - Digital Connection\",\"isPartOf\":{\"@id\":\"https:\/\/bolky.pt\/#website\"},\"datePublished\":\"2024-09-27T11:25:06+00:00\",\"dateModified\":\"2024-10-09T16:19:54+00:00\",\"description\":\"A web est\u00e1 a mudar e n\u00f3s transformamo-nos com ela, temos uma equipa internacional especializada no desenvolvimento web que programa...\",\"breadcrumb\":{\"@id\":\"https:\/\/biz.connectionthemes.com\/pt-pt\/web\/#breadcrumb\"},\"inLanguage\":\"pt-PT\",\"potentialAction\":[{\"@type\":\"ReadAction\",\"target\":[\"https:\/\/biz.connectionthemes.com\/pt-pt\/web\/\"]}]},{\"@type\":\"BreadcrumbList\",\"@id\":\"https:\/\/biz.connectionthemes.com\/pt-pt\/web\/#breadcrumb\",\"itemListElement\":[{\"@type\":\"ListItem\",\"position\":1,\"name\":\"Home\",\"item\":\"https:\/\/servidor.connection.pt\/pt-pt\/\"},{\"@type\":\"ListItem\",\"position\":2,\"name\":\"Web\"}]},{\"@type\":\"WebSite\",\"@id\":\"https:\/\/bolky.pt\/#website\",\"url\":\"https:\/\/bolky.pt\/\",\"name\":\"Digital Connection\",\"description\":\"\",\"publisher\":{\"@id\":\"https:\/\/bolky.pt\/#organization\"},\"potentialAction\":[{\"@type\":\"SearchAction\",\"target\":{\"@type\":\"EntryPoint\",\"urlTemplate\":\"https:\/\/bolky.pt\/?s={search_term_string}\"},\"query-input\":{\"@type\":\"PropertyValueSpecification\",\"valueRequired\":true,\"valueName\":\"search_term_string\"}}],\"inLanguage\":\"pt-PT\"},{\"@type\":\"Organization\",\"@id\":\"https:\/\/bolky.pt\/#organization\",\"name\":\"Digital Connection\",\"url\":\"https:\/\/bolky.pt\/\",\"logo\":{\"@type\":\"ImageObject\",\"inLanguage\":\"pt-PT\",\"@id\":\"https:\/\/bolky.pt\/#\/schema\/logo\/image\/\",\"url\":\"https:\/\/ftp.digitalconnection.ae\/wp-content\/uploads\/2026\/03\/logo.png\",\"contentUrl\":\"https:\/\/ftp.digitalconnection.ae\/wp-content\/uploads\/2026\/03\/logo.png\",\"width\":656,\"height\":134,\"caption\":\"Digital Connection\"},\"image\":{\"@id\":\"https:\/\/bolky.pt\/#\/schema\/logo\/image\/\"}}]}<\/script>\n<!-- \/ Yoast SEO plugin. -->","yoast_head_json":{"title":"Web - Digital Connection","description":"A web est\u00e1 a mudar e n\u00f3s transformamo-nos com ela, temos uma equipa internacional especializada no desenvolvimento web que programa...","robots":{"index":"index","follow":"follow","max-snippet":"max-snippet:-1","max-image-preview":"max-image-preview:large","max-video-preview":"max-video-preview:-1"},"canonical":"https:\/\/biz.connectionthemes.com\/pt-pt\/web\/","og_locale":"pt_PT","og_type":"article","og_title":"Web - Digital Connection","og_description":"A web est\u00e1 a mudar e n\u00f3s transformamo-nos com ela, temos uma equipa internacional especializada no desenvolvimento web que programa...","og_url":"https:\/\/biz.connectionthemes.com\/pt-pt\/web\/","og_site_name":"Digital Connection","article_modified_time":"2024-10-09T16:19:54+00:00","twitter_card":"summary_large_image","twitter_misc":{"Tempo estimado de leitura":"1 minuto"},"schema":{"@context":"https:\/\/schema.org","@graph":[{"@type":"WebPage","@id":"https:\/\/biz.connectionthemes.com\/pt-pt\/web\/","url":"https:\/\/biz.connectionthemes.com\/pt-pt\/web\/","name":"Web - Digital Connection","isPartOf":{"@id":"https:\/\/bolky.pt\/#website"},"datePublished":"2024-09-27T11:25:06+00:00","dateModified":"2024-10-09T16:19:54+00:00","description":"A web est\u00e1 a mudar e n\u00f3s transformamo-nos com ela, temos uma equipa internacional especializada no desenvolvimento web que programa...","breadcrumb":{"@id":"https:\/\/biz.connectionthemes.com\/pt-pt\/web\/#breadcrumb"},"inLanguage":"pt-PT","potentialAction":[{"@type":"ReadAction","target":["https:\/\/biz.connectionthemes.com\/pt-pt\/web\/"]}]},{"@type":"BreadcrumbList","@id":"https:\/\/biz.connectionthemes.com\/pt-pt\/web\/#breadcrumb","itemListElement":[{"@type":"ListItem","position":1,"name":"Home","item":"https:\/\/servidor.connection.pt\/pt-pt\/"},{"@type":"ListItem","position":2,"name":"Web"}]},{"@type":"WebSite","@id":"https:\/\/bolky.pt\/#website","url":"https:\/\/bolky.pt\/","name":"Digital Connection","description":"","publisher":{"@id":"https:\/\/bolky.pt\/#organization"},"potentialAction":[{"@type":"SearchAction","target":{"@type":"EntryPoint","urlTemplate":"https:\/\/bolky.pt\/?s={search_term_string}"},"query-input":{"@type":"PropertyValueSpecification","valueRequired":true,"valueName":"search_term_string"}}],"inLanguage":"pt-PT"},{"@type":"Organization","@id":"https:\/\/bolky.pt\/#organization","name":"Digital Connection","url":"https:\/\/bolky.pt\/","logo":{"@type":"ImageObject","inLanguage":"pt-PT","@id":"https:\/\/bolky.pt\/#\/schema\/logo\/image\/","url":"https:\/\/ftp.digitalconnection.ae\/wp-content\/uploads\/2026\/03\/logo.png","contentUrl":"https:\/\/ftp.digitalconnection.ae\/wp-content\/uploads\/2026\/03\/logo.png","width":656,"height":134,"caption":"Digital Connection"},"image":{"@id":"https:\/\/bolky.pt\/#\/schema\/logo\/image\/"}}]}},"_links":{"self":[{"href":"https:\/\/ftp.digitalconnection.ae\/pt-pt\/wp-json\/wp\/v2\/pages\/7442","targetHints":{"allow":["GET"]}}],"collection":[{"href":"https:\/\/ftp.digitalconnection.ae\/pt-pt\/wp-json\/wp\/v2\/pages"}],"about":[{"href":"https:\/\/ftp.digitalconnection.ae\/pt-pt\/wp-json\/wp\/v2\/types\/page"}],"author":[{"embeddable":true,"href":"https:\/\/ftp.digitalconnection.ae\/pt-pt\/wp-json\/wp\/v2\/users\/1"}],"replies":[{"embeddable":true,"href":"https:\/\/ftp.digitalconnection.ae\/pt-pt\/wp-json\/wp\/v2\/comments?post=7442"}],"version-history":[{"count":3,"href":"https:\/\/ftp.digitalconnection.ae\/pt-pt\/wp-json\/wp\/v2\/pages\/7442\/revisions"}],"predecessor-version":[{"id":7445,"href":"https:\/\/ftp.digitalconnection.ae\/pt-pt\/wp-json\/wp\/v2\/pages\/7442\/revisions\/7445"}],"wp:attachment":[{"href":"https:\/\/ftp.digitalconnection.ae\/pt-pt\/wp-json\/wp\/v2\/media?parent=7442"}],"curies":[{"name":"wp","href":"https:\/\/api.w.org\/{rel}","templated":true}]}}